{"id":3299,"date":"2022-11-07T15:07:58","date_gmt":"2022-11-07T14:07:58","guid":{"rendered":"https:\/\/wordpress-test.app.u-pariscite.fr\/cerilac\/?page_id=3299"},"modified":"2022-12-06T10:24:46","modified_gmt":"2022-12-06T09:24:46","slug":"le-reseau-du-pcnm","status":"publish","type":"page","link":"https:\/\/wordpress-test.app.u-pariscite.fr\/cerilac\/paris-centre-for-narrative-matters\/le-reseau-du-pcnm\/","title":{"rendered":"Le r\u00e9seau du Paris Centre for Narrative Matters"},"content":{"rendered":"<p>[et_pb_section bb_built=\u00a0\u00bb1&Prime; inner_width=\u00a0\u00bbauto\u00a0\u00bb inner_max_width=\u00a0\u00bbnone\u00a0\u00bb][et_pb_row][et_pb_column type=\u00a0\u00bb4_4&Prime;][et_pb_post_title _builder_version=\u00a0\u00bb3.22.1&Prime; meta=\u00a0\u00bboff\u00a0\u00bb author=\u00a0\u00bboff\u00a0\u00bb text_shadow_horizontal_length=\u00a0\u00bbtext_shadow_style,%91object Object%93&Prime; text_shadow_vertical_length=\u00a0\u00bbtext_shadow_style,%91object Object%93&Prime; text_shadow_blur_strength=\u00a0\u00bbtext_shadow_style,%91object Object%93&Prime; title_text_shadow_horizontal_length=\u00a0\u00bbtitle_text_shadow_style,%91object Object%93&Prime; title_text_shadow_vertical_length=\u00a0\u00bbtitle_text_shadow_style,%91object Object%93&Prime; title_text_shadow_blur_strength=\u00a0\u00bbtitle_text_shadow_style,%91object Object%93&Prime; meta_text_shadow_horizontal_length=\u00a0\u00bbmeta_text_shadow_style,%91object Object%93&Prime; meta_text_shadow_vertical_length=\u00a0\u00bbmeta_text_shadow_style,%91object Object%93&Prime; meta_text_shadow_blur_strength=\u00a0\u00bbmeta_text_shadow_style,%91object Object%93&Prime; z_index_tablet=\u00a0\u00bb500&Prime; featured_image=\u00a0\u00bboff\u00a0\u00bb \/][\/et_pb_column][\/et_pb_row][et_pb_row][et_pb_column type=\u00a0\u00bb4_4&Prime;][et_pb_text _builder_version=\u00a0\u00bb3.22.1&Prime; module_id=\u00a0\u00bbcontenu\u00a0\u00bb text_text_shadow_horizontal_length=\u00a0\u00bbtext_text_shadow_style,%91object Object%93&Prime; text_text_shadow_vertical_length=\u00a0\u00bbtext_text_shadow_style,%91object Object%93&Prime; text_text_shadow_blur_strength=\u00a0\u00bbtext_text_shadow_style,%91object Object%93&Prime; link_text_shadow_horizontal_length=\u00a0\u00bblink_text_shadow_style,%91object Object%93&Prime; link_text_shadow_vertical_length=\u00a0\u00bblink_text_shadow_style,%91object Object%93&Prime; link_text_shadow_blur_strength=\u00a0\u00bblink_text_shadow_style,%91object Object%93&Prime; ul_text_shadow_horizontal_length=\u00a0\u00bbul_text_shadow_style,%91object Object%93&Prime; ul_text_shadow_vertical_length=\u00a0\u00bbul_text_shadow_style,%91object Object%93&Prime; ul_text_shadow_blur_strength=\u00a0\u00bbul_text_shadow_style,%91object Object%93&Prime; ol_text_shadow_horizontal_length=\u00a0\u00bbol_text_shadow_style,%91object Object%93&Prime; ol_text_shadow_vertical_length=\u00a0\u00bbol_text_shadow_style,%91object Object%93&Prime; ol_text_shadow_blur_strength=\u00a0\u00bbol_text_shadow_style,%91object Object%93&Prime; quote_text_shadow_horizontal_length=\u00a0\u00bbquote_text_shadow_style,%91object Object%93&Prime; quote_text_shadow_vertical_length=\u00a0\u00bbquote_text_shadow_style,%91object Object%93&Prime; quote_text_shadow_blur_strength=\u00a0\u00bbquote_text_shadow_style,%91object Object%93&Prime; header_text_shadow_horizontal_length=\u00a0\u00bbheader_text_shadow_style,%91object Object%93&Prime; header_text_shadow_vertical_length=\u00a0\u00bbheader_text_shadow_style,%91object Object%93&Prime; header_text_shadow_blur_strength=\u00a0\u00bbheader_text_shadow_style,%91object Object%93&Prime; header_2_text_shadow_horizontal_length=\u00a0\u00bbheader_2_text_shadow_style,%91object Object%93&Prime; header_2_text_shadow_vertical_length=\u00a0\u00bbheader_2_text_shadow_style,%91object Object%93&Prime; header_2_text_shadow_blur_strength=\u00a0\u00bbheader_2_text_shadow_style,%91object Object%93&Prime; header_3_text_shadow_horizontal_length=\u00a0\u00bbheader_3_text_shadow_style,%91object Object%93&Prime; header_3_text_shadow_vertical_length=\u00a0\u00bbheader_3_text_shadow_style,%91object Object%93&Prime; header_3_text_shadow_blur_strength=\u00a0\u00bbheader_3_text_shadow_style,%91object Object%93&Prime; header_4_text_shadow_horizontal_length=\u00a0\u00bbheader_4_text_shadow_style,%91object Object%93&Prime; header_4_text_shadow_vertical_length=\u00a0\u00bbheader_4_text_shadow_style,%91object Object%93&Prime; header_4_text_shadow_blur_strength=\u00a0\u00bbheader_4_text_shadow_style,%91object Object%93&Prime; header_5_text_shadow_horizontal_length=\u00a0\u00bbheader_5_text_shadow_style,%91object Object%93&Prime; header_5_text_shadow_vertical_length=\u00a0\u00bbheader_5_text_shadow_style,%91object Object%93&Prime; header_5_text_shadow_blur_strength=\u00a0\u00bbheader_5_text_shadow_style,%91object Object%93&Prime; header_6_text_shadow_horizontal_length=\u00a0\u00bbheader_6_text_shadow_style,%91object Object%93&Prime; header_6_text_shadow_vertical_length=\u00a0\u00bbheader_6_text_shadow_style,%91object Object%93&Prime; header_6_text_shadow_blur_strength=\u00a0\u00bbheader_6_text_shadow_style,%91object Object%93&Prime; z_index_tablet=\u00a0\u00bb500&Prime;]<\/p>\n<p style=\"text-align: center\"><strong>6-7 October 2022<\/strong><\/p>\n<p style=\"text-align: center\"><strong>MEETING OF THE PARIS CENTRE FOR NARRATIVE MATTERS <\/strong><\/p>\n<p style=\"text-align: center\"><strong>Universit\u00e9 Paris Cit\u00e9<\/strong><\/p>\n<p style=\"text-align: center\"><strong>UFR Lettres, arts, cin\u00e9ma<\/strong><\/p>\n<p style=\"text-align: center\"><strong>5 rue Thomas Mann, 75013 Paris<\/strong><\/p>\n<p style=\"text-align: center\"><strong>Entrance C, 6<sup>th<\/sup> Floor, Room 695<\/strong><\/p>\n<p style=\"text-align: center\"><strong>Meeting Agenda<\/strong><\/p>\n<p style=\"text-align: center\"><strong>6 October 2022<\/strong><\/p>\n<p style=\"text-align: center\"><strong>Morning session \u2013 9:00-12:30<\/strong><\/p>\n<p><em>9:00 Welcome breakfast<\/em><\/p>\n<p>9:30 Welcome address by Mathieu Arnoux, Vice Dean Research, Faculty Societies &amp; Humanities, Universit\u00e9 Paris Cit\u00e9<\/p>\n<p><a href=\"https:\/\/wordpress-test.app.u-pariscite.fr\/cerilac\/wp-content\/uploads\/sites\/7\/2022\/12\/ZEF-Poster.pdf\">Downloaded poster<\/a><\/p>\n<p>9:45 Hanna Meretoja<strong>,<\/strong> Centre for the Study of Storytelling, Experientiality and Memory (SELMA), University of Turku, Finland<\/p>\n<p><a href=\"https:\/\/wordpress-test.app.u-pariscite.fr\/cerilac\/wp-content\/uploads\/sites\/7\/2022\/11\/SELMA.pdf\">Downloaded poster<\/a><\/p>\n<p>10:00 Jan Alber, Aachen Center for Cognitive and Empirical Literary Studies (ACCELS), Aachen University, Germany<\/p>\n<p><a href=\"https:\/\/wordpress-test.app.u-pariscite.fr\/cerilac\/wp-content\/uploads\/sites\/7\/2022\/11\/Accels-J.-Alber.pdf\">Downloadable poster<\/a><\/p>\n<p>10:15 Discussion<\/p>\n<p><em>10:45<\/em> <em>Coffee break<\/em><\/p>\n<p>11:15 Richard Walsh, Interdisciplinary Centre for Narrative Studies, University of York, UK<\/p>\n<p><a href=\"https:\/\/wordpress-test.app.u-pariscite.fr\/cerilac\/wp-content\/uploads\/sites\/7\/2022\/11\/ICNS-R.-Walsh.pdf\">Downloadable poster<\/a><\/p>\n<p>11:30 Marc Marti<strong>, <\/strong>Laboratoire interdisciplinaire r\u00e9cits cultures et soci\u00e9t\u00e9s (LIRCES), University of Nice-Sophia Antipolis, France<\/p>\n<p><a href=\"https:\/\/wordpress-test.app.u-pariscite.fr\/cerilac\/wp-content\/uploads\/sites\/7\/2022\/11\/LIRCES-M.-Marti.pdf\">Downloadable poster<\/a><\/p>\n<p>11:45 Discussion<\/p>\n<p><strong>\u00a0<\/strong><em>12:45 Lunch at the <\/em><em>Restaurant administratif Buffon<\/em><em>, <\/em><em>17 rue H\u00e9l\u00e8ne Brion, 75013 Paris<\/em><\/p>\n<p style=\"text-align: center\"><strong>\u00a0<\/strong><strong>Afternoon session \u2013 14:00-17:15<\/strong><\/p>\n<p>14:00 Molly Andrews (via Zoom), Aura Lounasmaa &amp; Corinne Squire (via Zoom), Centre for Narrative Research (CNR), University of East-London, UK<\/p>\n<p><a href=\"https:\/\/wordpress-test.app.u-pariscite.fr\/cerilac\/wp-content\/uploads\/sites\/7\/2022\/11\/ANRP-M.-Andrews-et-al..pdf\">Downloadable poster<\/a><\/p>\n<p>14:15 Rapha\u00ebl Baroni, NaTrans, University of Lausanne, Switzerland<\/p>\n<p><a href=\"https:\/\/wordpress-test.app.u-pariscite.fr\/cerilac\/wp-content\/uploads\/sites\/7\/2022\/11\/NaTrans-R.-Baroni.pdf\">Downloadable poster<\/a><\/p>\n<p>14:30 Daniel Candel Bormann<strong>, <\/strong>Narrative Lab Teams (NLT), University of Alcal\u00e1 de Henares, Spain<\/p>\n<p><a href=\"https:\/\/wordpress-test.app.u-pariscite.fr\/cerilac\/wp-content\/uploads\/sites\/7\/2022\/11\/NLT-D.-Candel-Bormann.pdf\">Downloadable poster<\/a><\/p>\n<p>14:45 Discussion<\/p>\n<p><em>15:15<\/em> <em>Coffee break<\/em><\/p>\n<p>15:45 Sylvie Patron, Paris Centre for Narrative Matters (PCNM), Universit\u00e9 Paris Cit\u00e9, France<\/p>\n<p><a href=\"https:\/\/wordpress-test.app.u-pariscite.fr\/cerilac\/wp-content\/uploads\/sites\/7\/2022\/11\/Patron-PCNM-.pdf\">Downloadable poster<\/a><\/p>\n<p>16:00 Liz Stanley, Center for Narrative and Auto\/Biographical Studies (NABS), University of Edinburgh, UK (via Zoom)<\/p>\n<p>Downloadable poster<\/p>\n<p>16:15 Sara Cobb<strong>, <\/strong>Carter School Narrative Lab, Carter School for Peace and Conflict Resolution, George Mason University, US (via Zoom)<\/p>\n<p><a href=\"https:\/\/wordpress-test.app.u-pariscite.fr\/cerilac\/wp-content\/uploads\/sites\/7\/2022\/11\/Carter...-S.-Cobb.pdf\">Downloadable poster<\/a><\/p>\n<p>16:30 Discussion<\/p>\n<p><em>18:15 Dinner cruise Bateaux Parisiens, Port de la Bourdonnais, 75007 Paris (RER C, from Biblioth\u00e8que Fran\u00e7ois Mitterrand to Pont de l\u2019Alma)<\/em><\/p>\n<p>\u00a0<\/p>\n<p style=\"text-align: center\"><strong>7 October 2022<\/strong><\/p>\n<p style=\"text-align: center\"><strong>Morning session \u2013 9:00-12:30<\/strong><\/p>\n<p>9:00 <em>Breakfast<\/em><\/p>\n<p>9:30 Mat\u00edas Mart\u00ednez<strong>, <\/strong>Center for Narrative Research (CNR), University of Wuppertal, Germany<\/p>\n<p>Downloadable poster<\/p>\n<p>9:45 Mari Hatavara &amp; Maria M\u00e4kel\u00e4, Narrare: Centre for Interdisciplinary\u00a0Narrative Studies, Tampere University, Finland<\/p>\n<p><a href=\"https:\/\/wordpress-test.app.u-pariscite.fr\/cerilac\/wp-content\/uploads\/sites\/7\/2022\/11\/Narrare-M.-Hatavara.pdf\">Downloadable poster<\/a><\/p>\n<p>10:00 Robyn Warhol, Project Narrative (PN), The Ohio State University, USA<\/p>\n<p><a href=\"https:\/\/wordpress-test.app.u-pariscite.fr\/cerilac\/wp-content\/uploads\/sites\/7\/2022\/11\/Project-Narrative-R.-Warhol.pdf\">Downloadable poster<\/a><\/p>\n<p>10:15 Discussion<\/p>\n<p><em>10:45<\/em> <em>Coffee Break<\/em><\/p>\n<p>11:15 John Pier, Centre de recherches sur les arts et le langage (CRAL), EHESS-CNRS, France<\/p>\n<p><a href=\"https:\/\/wordpress-test.app.u-pariscite.fr\/cerilac\/wp-content\/uploads\/sites\/7\/2022\/11\/CRAL-J.-Pier.pdf\">Downloadable poster<\/a><\/p>\n<p>11:30 Don Redmond, The Center for the Study of Narrative (CSN), Mercer University, US<\/p>\n<p><a href=\"https:\/\/wordpress-test.app.u-pariscite.fr\/cerilac\/wp-content\/uploads\/sites\/7\/2022\/11\/CSN-D.-Redmond.pdf\">Downloadable poster<\/a><\/p>\n<p>11:45 Henrik Zetterberg Nielsen, Narrative Research Lab &amp; Centre for Fictionality Studies, University of Aarhus, Denmark (via Zoom)<\/p>\n<p><a href=\"https:\/\/wordpress-test.app.u-pariscite.fr\/cerilac\/wp-content\/uploads\/sites\/7\/2022\/11\/NRL-H.-Z.-Nielsen.pdf\">Downloadable poster<\/a><\/p>\n<p>12:00 Discussion<\/p>\n<p><em>12:45 Lunch at the <\/em><em>Restaurant administratif Buffon<\/em><em>, <\/em><em>17 rue H\u00e9l\u00e8ne Brion, 75013 Paris<\/em><\/p>\n<p style=\"text-align: center\"><strong>Afternoon session \u2013 14:00-16:00<\/strong><\/p>\n<p>14:00: Erasmus+ Inter-Institutional Multilateral Agreement Meeting (Jan Alber, Daniel Candel Bormann, Mari Hatavara, Henrik Zetterberg Nielsen via Zoom, Sylvie Patron; Maitena Larrecq, C\u00e9cile Leclercq &amp; Fabien Vaugarny, Universit\u00e9 Paris Cit\u00e9)<\/p>\n<p>[\/et_pb_text][\/et_pb_column][\/et_pb_row][\/et_pb_section]<\/p>\n","protected":false},"excerpt":{"rendered":"<div class=\"et_pb_row et_pb_row_0 et_pb_row_empty\"><\/div>\n<div class=\"et_pb_row et_pb_row_1 et_pb_row_empty\"><\/div>\n<p> 6-7 October 2022MEETING OF THE PARIS CENTRE FOR NARRATIVE MATTERS Universit\u00e9 Paris Cit\u00e9UFR Lettres, arts, cin\u00e9ma5 rue Thomas Mann, 75013 ParisEntrance C, 6th Floor, Room 695Meeting Agenda6 October 2022Morning session \u2013 9:00-12:309:00 Welcome breakfast9:30 Welcome address by Mathieu Arnoux, Vice Dean Research, Faculty Societies &amp; Humanities, Universit\u00e9 Paris Cit\u00e9Downloaded poster9:45 Hanna Meretoja, Centre for&hellip; <a class=\"continue\" href=\"https:\/\/wordpress-test.app.u-pariscite.fr\/cerilac\/paris-centre-for-narrative-matters\/le-reseau-du-pcnm\/\">Lire la suite<span> Le r\u00e9seau du Paris Centre for Narrative Matters<\/span><\/a><\/p>\n","protected":false},"author":73,"featured_media":875,"parent":874,"menu_order":0,"comment_status":"closed","ping_status":"closed","template":"","meta":{"_et_pb_use_builder":"on","_et_pb_old_content":"","_et_gb_content_width":"","footnotes":""},"class_list":["post-3299","page","type-page","status-publish","has-post-thumbnail","hentry"],"_links":{"self":[{"href":"https:\/\/wordpress-test.app.u-pariscite.fr\/cerilac\/wp-json\/wp\/v2\/pages\/3299","targetHints":{"allow":["GET"]}}],"collection":[{"href":"https:\/\/wordpress-test.app.u-pariscite.fr\/cerilac\/wp-json\/wp\/v2\/pages"}],"about":[{"href":"https:\/\/wordpress-test.app.u-pariscite.fr\/cerilac\/wp-json\/wp\/v2\/types\/page"}],"author":[{"embeddable":true,"href":"https:\/\/wordpress-test.app.u-pariscite.fr\/cerilac\/wp-json\/wp\/v2\/users\/73"}],"replies":[{"embeddable":true,"href":"https:\/\/wordpress-test.app.u-pariscite.fr\/cerilac\/wp-json\/wp\/v2\/comments?post=3299"}],"version-history":[{"count":17,"href":"https:\/\/wordpress-test.app.u-pariscite.fr\/cerilac\/wp-json\/wp\/v2\/pages\/3299\/revisions"}],"predecessor-version":[{"id":3395,"href":"https:\/\/wordpress-test.app.u-pariscite.fr\/cerilac\/wp-json\/wp\/v2\/pages\/3299\/revisions\/3395"}],"up":[{"embeddable":true,"href":"https:\/\/wordpress-test.app.u-pariscite.fr\/cerilac\/wp-json\/wp\/v2\/pages\/874"}],"wp:featuredmedia":[{"embeddable":true,"href":"https:\/\/wordpress-test.app.u-pariscite.fr\/cerilac\/wp-json\/wp\/v2\/media\/875"}],"wp:attachment":[{"href":"https:\/\/wordpress-test.app.u-pariscite.fr\/cerilac\/wp-json\/wp\/v2\/media?parent=3299"}],"curies":[{"name":"wp","href":"https:\/\/api.w.org\/{rel}","templated":true}]}}