{"id":1500,"date":"2021-01-08T11:37:09","date_gmt":"2021-01-08T10:37:09","guid":{"rendered":"https:\/\/wordpress-test.app.u-pariscite.fr\/cerilac\/?page_id=1500"},"modified":"2021-01-11T11:35:46","modified_gmt":"2021-01-11T10:35:46","slug":"lair-du-temps-la-chanson-et-lhistoire-entre-poetique-et-politique","status":"publish","type":"page","link":"https:\/\/wordpress-test.app.u-pariscite.fr\/cerilac\/programmes-et-projets-finances\/lair-du-temps-la-chanson-et-lhistoire-entre-poetique-et-politique\/","title":{"rendered":"L\u2019air du temps. La chanson et l\u2019histoire, entre po\u00e9tique et politique"},"content":{"rendered":"<p>[et_pb_section bb_built=\u00a0\u00bb1&Prime; next_background_color=\u00a0\u00bb#000000&Prime; inner_width=\u00a0\u00bbauto\u00a0\u00bb inner_max_width=\u00a0\u00bbnone\u00a0\u00bb][et_pb_row _builder_version=\u00a0\u00bb3.21&Prime; width=\u00a0\u00bb80%\u00a0\u00bb max_width=\u00a0\u00bb1080px\u00a0\u00bb][et_pb_column type=\u00a0\u00bb4_4&Prime;][et_pb_post_title admin_label=\u00a0\u00bbTitre de la page\u00a0\u00bb _builder_version=\u00a0\u00bb3.19.11&Prime; meta=\u00a0\u00bboff\u00a0\u00bb featured_image=\u00a0\u00bboff\u00a0\u00bb \/][\/et_pb_column][\/et_pb_row][et_pb_row][et_pb_column type=\u00a0\u00bb3_4&Prime;][et_pb_text admin_label=\u00a0\u00bbintro\u00a0\u00bb _builder_version=\u00a0\u00bb3.22.1&Prime; module_id=\u00a0\u00bbintro\u00a0\u00bb text_text_shadow_horizontal_length=\u00a0\u00bbtext_text_shadow_style,%91object Object%93&Prime; text_text_shadow_vertical_length=\u00a0\u00bbtext_text_shadow_style,%91object Object%93&Prime; text_text_shadow_blur_strength=\u00a0\u00bbtext_text_shadow_style,%91object Object%93&Prime; link_text_shadow_horizontal_length=\u00a0\u00bblink_text_shadow_style,%91object Object%93&Prime; link_text_shadow_vertical_length=\u00a0\u00bblink_text_shadow_style,%91object Object%93&Prime; link_text_shadow_blur_strength=\u00a0\u00bblink_text_shadow_style,%91object Object%93&Prime; ul_text_shadow_horizontal_length=\u00a0\u00bbul_text_shadow_style,%91object Object%93&Prime; ul_text_shadow_vertical_length=\u00a0\u00bbul_text_shadow_style,%91object Object%93&Prime; ul_text_shadow_blur_strength=\u00a0\u00bbul_text_shadow_style,%91object Object%93&Prime; ol_text_shadow_horizontal_length=\u00a0\u00bbol_text_shadow_style,%91object Object%93&Prime; ol_text_shadow_vertical_length=\u00a0\u00bbol_text_shadow_style,%91object Object%93&Prime; ol_text_shadow_blur_strength=\u00a0\u00bbol_text_shadow_style,%91object Object%93&Prime; quote_text_shadow_horizontal_length=\u00a0\u00bbquote_text_shadow_style,%91object Object%93&Prime; quote_text_shadow_vertical_length=\u00a0\u00bbquote_text_shadow_style,%91object Object%93&Prime; quote_text_shadow_blur_strength=\u00a0\u00bbquote_text_shadow_style,%91object Object%93&Prime; header_text_shadow_horizontal_length=\u00a0\u00bbheader_text_shadow_style,%91object Object%93&Prime; header_text_shadow_vertical_length=\u00a0\u00bbheader_text_shadow_style,%91object Object%93&Prime; header_text_shadow_blur_strength=\u00a0\u00bbheader_text_shadow_style,%91object Object%93&Prime; header_2_text_shadow_horizontal_length=\u00a0\u00bbheader_2_text_shadow_style,%91object Object%93&Prime; header_2_text_shadow_vertical_length=\u00a0\u00bbheader_2_text_shadow_style,%91object Object%93&Prime; header_2_text_shadow_blur_strength=\u00a0\u00bbheader_2_text_shadow_style,%91object Object%93&Prime; header_3_text_shadow_horizontal_length=\u00a0\u00bbheader_3_text_shadow_style,%91object Object%93&Prime; header_3_text_shadow_vertical_length=\u00a0\u00bbheader_3_text_shadow_style,%91object Object%93&Prime; header_3_text_shadow_blur_strength=\u00a0\u00bbheader_3_text_shadow_style,%91object Object%93&Prime; header_4_text_shadow_horizontal_length=\u00a0\u00bbheader_4_text_shadow_style,%91object Object%93&Prime; header_4_text_shadow_vertical_length=\u00a0\u00bbheader_4_text_shadow_style,%91object Object%93&Prime; header_4_text_shadow_blur_strength=\u00a0\u00bbheader_4_text_shadow_style,%91object Object%93&Prime; header_5_text_shadow_horizontal_length=\u00a0\u00bbheader_5_text_shadow_style,%91object Object%93&Prime; header_5_text_shadow_vertical_length=\u00a0\u00bbheader_5_text_shadow_style,%91object Object%93&Prime; header_5_text_shadow_blur_strength=\u00a0\u00bbheader_5_text_shadow_style,%91object Object%93&Prime; header_6_text_shadow_horizontal_length=\u00a0\u00bbheader_6_text_shadow_style,%91object Object%93&Prime; header_6_text_shadow_vertical_length=\u00a0\u00bbheader_6_text_shadow_style,%91object Object%93&Prime; header_6_text_shadow_blur_strength=\u00a0\u00bbheader_6_text_shadow_style,%91object Object%93&Prime; z_index_tablet=\u00a0\u00bb500&Prime;]<\/p>\n<div class=\"et_pb_column et_pb_column_3_4 et_pb_column_6 et_pb_css_mix_blend_mode_passthrough\">\n<div id=\"contenu\" class=\"et_pb_module et_pb_text et_pb_text_3 et_pb_bg_layout_light et_pb_text_align_left\">\n<div class=\"et_pb_text_inner\">\n<p>Porteur du projet : Jean Vignes<\/p>\n<\/div>\n<\/div>\n<\/div>\n<p>[\/et_pb_text][\/et_pb_column][et_pb_column type=\u00a0\u00bb1_4&Prime;][\/et_pb_column][\/et_pb_row][et_pb_row _builder_version=\u00a0\u00bb3.19.11&Prime; module_id=\u00a0\u00bbimage-page-type\u00a0\u00bb width=\u00a0\u00bb80%\u00a0\u00bb max_width=\u00a0\u00bb1080px\u00a0\u00bb][et_pb_column type=\u00a0\u00bb3_4&Prime;][et_pb_image admin_label=\u00a0\u00bbImage 1920 x 1080&Prime; _builder_version=\u00a0\u00bb3.22.1&Prime; src=\u00a0\u00bbhttps:\/\/wordpress-test.app.u-pariscite.fr\/cerilac\/wp-content\/uploads\/sites\/7\/2021\/01\/Seminaire-Jean-Vigne_Lorenzo_Costa_Un_concerto_sm.jpg\u00a0\u00bb module_id=\u00a0\u00bbimage-page\u00a0\u00bb z_index_tablet=\u00a0\u00bb500&Prime; \/][\/et_pb_column][et_pb_column type=\u00a0\u00bb1_4&Prime;][\/et_pb_column][\/et_pb_row][et_pb_row][et_pb_column type=\u00a0\u00bb3_4&Prime;][et_pb_text _builder_version=\u00a0\u00bb3.22.1&Prime; module_id=\u00a0\u00bbcontenu\u00a0\u00bb text_text_shadow_horizontal_length=\u00a0\u00bbtext_text_shadow_style,%91object Object%93&Prime; text_text_shadow_vertical_length=\u00a0\u00bbtext_text_shadow_style,%91object Object%93&Prime; text_text_shadow_blur_strength=\u00a0\u00bbtext_text_shadow_style,%91object Object%93&Prime; link_text_shadow_horizontal_length=\u00a0\u00bblink_text_shadow_style,%91object Object%93&Prime; link_text_shadow_vertical_length=\u00a0\u00bblink_text_shadow_style,%91object Object%93&Prime; link_text_shadow_blur_strength=\u00a0\u00bblink_text_shadow_style,%91object Object%93&Prime; ul_text_shadow_horizontal_length=\u00a0\u00bbul_text_shadow_style,%91object Object%93&Prime; ul_text_shadow_vertical_length=\u00a0\u00bbul_text_shadow_style,%91object Object%93&Prime; ul_text_shadow_blur_strength=\u00a0\u00bbul_text_shadow_style,%91object Object%93&Prime; ol_text_shadow_horizontal_length=\u00a0\u00bbol_text_shadow_style,%91object Object%93&Prime; ol_text_shadow_vertical_length=\u00a0\u00bbol_text_shadow_style,%91object Object%93&Prime; ol_text_shadow_blur_strength=\u00a0\u00bbol_text_shadow_style,%91object Object%93&Prime; quote_text_shadow_horizontal_length=\u00a0\u00bbquote_text_shadow_style,%91object Object%93&Prime; quote_text_shadow_vertical_length=\u00a0\u00bbquote_text_shadow_style,%91object Object%93&Prime; quote_text_shadow_blur_strength=\u00a0\u00bbquote_text_shadow_style,%91object Object%93&Prime; header_text_shadow_horizontal_length=\u00a0\u00bbheader_text_shadow_style,%91object Object%93&Prime; header_text_shadow_vertical_length=\u00a0\u00bbheader_text_shadow_style,%91object Object%93&Prime; header_text_shadow_blur_strength=\u00a0\u00bbheader_text_shadow_style,%91object Object%93&Prime; header_2_text_shadow_horizontal_length=\u00a0\u00bbheader_2_text_shadow_style,%91object Object%93&Prime; header_2_text_shadow_vertical_length=\u00a0\u00bbheader_2_text_shadow_style,%91object Object%93&Prime; header_2_text_shadow_blur_strength=\u00a0\u00bbheader_2_text_shadow_style,%91object Object%93&Prime; header_3_text_shadow_horizontal_length=\u00a0\u00bbheader_3_text_shadow_style,%91object Object%93&Prime; header_3_text_shadow_vertical_length=\u00a0\u00bbheader_3_text_shadow_style,%91object Object%93&Prime; header_3_text_shadow_blur_strength=\u00a0\u00bbheader_3_text_shadow_style,%91object Object%93&Prime; header_4_text_shadow_horizontal_length=\u00a0\u00bbheader_4_text_shadow_style,%91object Object%93&Prime; header_4_text_shadow_vertical_length=\u00a0\u00bbheader_4_text_shadow_style,%91object Object%93&Prime; header_4_text_shadow_blur_strength=\u00a0\u00bbheader_4_text_shadow_style,%91object Object%93&Prime; header_5_text_shadow_horizontal_length=\u00a0\u00bbheader_5_text_shadow_style,%91object Object%93&Prime; header_5_text_shadow_vertical_length=\u00a0\u00bbheader_5_text_shadow_style,%91object Object%93&Prime; header_5_text_shadow_blur_strength=\u00a0\u00bbheader_5_text_shadow_style,%91object Object%93&Prime; header_6_text_shadow_horizontal_length=\u00a0\u00bbheader_6_text_shadow_style,%91object Object%93&Prime; header_6_text_shadow_vertical_length=\u00a0\u00bbheader_6_text_shadow_style,%91object Object%93&Prime; header_6_text_shadow_blur_strength=\u00a0\u00bbheader_6_text_shadow_style,%91object Object%93&Prime; z_index_tablet=\u00a0\u00bb500&Prime;]<\/p>\n<h3>R\u00e9sum\u00e9 des activit\u00e9s et projets<\/h3>\n<p>Notre groupe \u00ab\u00a0L\u2019air du temps\u00a0\u00bb peut se d\u00e9finir \u00e0 ce stade comme un \u00ab\u00a0vivier\u00a0\u00bb qui rassemble largement une centaine de sp\u00e9cialistes et d\u2019\u00e9tudiants (en master, doctorat) de disciplines diff\u00e9rentes (notamment lettres et langues, histoire, musicologie, \u00e9tudes cin\u00e9matographiques, sociologie, s\u00e9miotique) int\u00e9ress\u00e9s par la chanson de toutes les \u00e9poques (de l\u2019Antiquit\u00e9 \u00e0 nos jours) et d\u00e9sireux de croiser \u00e0 ce propos leurs comp\u00e9tences diverses. Le s\u00e9minaire et le Carnet Hypoth\u00e8ses.org associ\u00e9 (<a href=\"https:\/\/airdutemps.hypotheses.org\/\">https:\/\/airdutemps.hypotheses.org\/<\/a>, tenu par Claire Sicard, U. de Tours, CESR) se veulent un espace de rencontre et de collaboration permettant de faire \u00e9merger des projets et d\u2019assurer le suivi de leur mise en \u0153uvre. Dans ce cadre sont d\u00e9j\u00e0 n\u00e9s et pourront na\u00eetre encore des projets d\u2019activit\u00e9s cibl\u00e9es (journ\u00e9es d\u2019\u00e9tude, colloques, publications).<\/p>\n<p>L\u2019objectif de ce document est de rappeler les activit\u00e9s et projets en cours, sur la base des r\u00e9unions de janvier \u00e0 mars 2020 qui ont permis de les formaliser. Ces projets communs seront mis en \u0153uvre au cours de l\u2019ann\u00e9e universitaire 2020-2021, et \u00e0 plus long terme.<\/p>\n<h3>Actualit\u00e9s<\/h3>\n<ol>\n<li><a href=\"https:\/\/wordpress-test.app.u-pariscite.fr\/cerilac\/2021\/01\/08\/actualites-idex-lair-du-temps\/\">Janvier 2021<\/a><\/li>\n<\/ol>\n<h3>Le s\u00e9minaire<\/h3>\n<p>Les s\u00e9ances ont lieu le lundi ou le mardi soir, \u00e0 l\u2019Universit\u00e9 Paris Cit\u00e9, <strong>Grands Moulins de Paris, aile C, au 6<sup>e<\/sup> \u00e9tage, dans la salle Pierre Albouy (salle 685 C). <\/strong><\/p>\n<p>S\u00e9ance 1. Le mardi 12 novembre 2019, 18h-20h. Introduction par Jean Vignes<\/p>\n<p>S\u00e9ance 2. Le lundi 2 d\u00e9cembre 2019, 17h-19h. Discussion autour des projets.<\/p>\n<p>S\u00e9ance 3. Le mardi 14 janvier 2020, 17h-19h. Conf\u00e9rence de St\u00e9phane Hirschi (Universit\u00e9 Polytechnique Hauts de France, Valenciennes)\u00a0: \u00ab\u00a025 ans de <em>cantologie<\/em>. Bilan et perspectives\u00a0\u00bb<\/p>\n<p>S\u00e9ance 4. Le mardi 10 mars 2020, 18h-20h. Conf\u00e9rence de Dariusz Krawczyk\u00a0: chanson et politique dans la Pologne communiste.<\/p>\n<p>Les s\u00e9ances suivantes ont d\u00fb \u00eatre annul\u00e9es du fait de la pand\u00e9mie.<\/p>\n<p>Le s\u00e9minaire devrait reprendre en 2021<\/p>\n<h3>Cahier Hypoth\u00e8ses<\/h3>\n<p>Claire Sicard (avec l\u2019aide de Mathilde Vidal)\u00a0 assure la mise en ligne de notre cahier Hypoth\u00e8ses L\u2019Air du temps\u00a0: <a href=\"https:\/\/airdutemps.hypotheses.org\/\">https:\/\/airdutemps.hypotheses.org\/<\/a>. Tous les membres du s\u00e9minaire sont invit\u00e9s \u00e0 y d\u00e9poser les informations et les documents qu\u2019ils souhaitent partager.<\/p>\n<h3>Projet \u00ab\u00a0Chanson, histoire et m\u00e9moire\u00a0\u00bb<\/h3>\n<p>Paule Petitier (UP, LAC), Tatiana Debbagi-Baranova (Sorbonne Universit\u00e9) et Jean Vignes ont anim\u00e9 deux r\u00e9unions pour pr\u00e9parer un num\u00e9ro sp\u00e9cial de la revue <em>Ecrire l\u2019histoire<\/em> intitul\u00e9 \u00ab\u00a0Chansons\u00a0\u00bb, \u00e0 para\u00eetre d\u00e9but 2022 (textes \u00e0 fournir au plus tard en mai 2021). La majorit\u00e9 des contributeurs.trices sont d\u00e9j\u00e0 mobilis\u00e9s, et les diff\u00e9rents axes de r\u00e9flexions qui seront privil\u00e9gi\u00e9s\u00a0:\u00a0<\/p>\n<ol>\n<li>Chanson et historiographie<\/li>\n<li>La chanson se fait historien<\/li>\n<li>La chanson participe \u00e0 l\u2019\u00e9v\u00e9nement<\/li>\n<li>Comment fonctionne la m\u00e9moire orale\u00a0et combien de temps vit une chanson\u00a0?<\/li>\n<li>La censure des chansons.<\/li>\n<\/ol>\n<p>Sur ce dernier point, il est pr\u00e9vu d\u2019organiser une journ\u00e9e d\u2019\u00e9tude sp\u00e9cifique sur la question des chansons censur\u00e9es. Le titre \u00ab\u00a0Non, tu ne chanteras pas\u00a0!\u00a0\u00bb a \u00e9t\u00e9 propos\u00e9.<\/p>\n<p>Une table ronde en 2021 rassemblera les contributeurs.trices et les autres\u2026<\/p>\n<h3>Projet \u00ab\u00a0Chanter sur l\u2019air de\u2026\u00a0 (Paroles et musiques de l\u2019Antiquit\u00e9 \u00e0 nos jours) \u00bb<\/h3>\n<p>Pr\u00e9paration d\u2019un colloque\u00a0interdisciplinaire autour de la question des <strong>chansons sur timbres<\/strong>, qui figure au programme de l\u2019agr\u00e9gation de musicologie.<span style=\"color: #424242;font-family: Open Sans,Arial,sans-serif;font-size: small\">Le colloque initialement pr\u00e9vu les 28-29 septembre 2020 \u00e0 l\u2019H\u00f4tel de Lauzun (IEA) et\/ou \u00e0 l\u2019Universit\u00e9 Paris Cit\u00e9 (site des Grands Moulins de Paris) <\/span><span style=\"color: #424242;font-family: Open Sans,Arial,sans-serif;font-size: small\">se tiendra finalement les 4 et 5 novembre 2021. <a href=\"https:\/\/wordpress-test.app.u-pariscite.fr\/cerilac\/wp-content\/uploads\/sites\/7\/2021\/01\/AAC-Colloque-22Chanter-sur-lair-de22.pdf\">AAC Colloque \u00ab\u00a0Chanter sur l&rsquo;air de\u00a0\u00bb<\/a>(date limite de retour le <strong>15 f\u00e9vrier<\/strong>).<\/span><\/p>\n<p>Universit\u00e9s partenaires\u00a0: Sorbonne Universit\u00e9, Universit\u00e9 de Poitiers, Universit\u00e9 de Reims,<\/p>\n<p>Universit\u00e9 de Rouen, Universit\u00e9 de Tours, CESR.<\/p>\n<p>Comit\u00e9 scientifique et d\u2019organisation\u00a0: Marl\u00e8ne Belly (Poitiers), Judith le Blanc (Rouen), Bertrand Porot (Reims), Claire Sicard (Tours), Alice Tacaille (Sorbonne U.), Jean Vignes (UP)<\/p>\n<h3>La chanson parle de la chanson<\/h3>\n<p>Projet de recherche \u00e0 d\u00e9velopper, conduit par Killian Provost et Th\u00e9o Millot (doctorants).<\/p>\n<p>[\/et_pb_text][\/et_pb_column][et_pb_column type=\u00a0\u00bb1_4&Prime;][\/et_pb_column][\/et_pb_row][\/et_pb_section][et_pb_section bb_built=\u00a0\u00bb1&Prime; specialty=\u00a0\u00bboff\u00a0\u00bb prev_background_color=\u00a0\u00bb#000000&Prime; _builder_version=\u00a0\u00bb3.19.11&Prime; custom_padding=\u00a0\u00bb0px||0px|\u00a0\u00bb inner_width=\u00a0\u00bbauto\u00a0\u00bb inner_max_width=\u00a0\u00bbnone\u00a0\u00bb][et_pb_row _builder_version=\u00a0\u00bb3.19.11&Prime; width=\u00a0\u00bb80%\u00a0\u00bb max_width=\u00a0\u00bb1080px\u00a0\u00bb][et_pb_column type=\u00a0\u00bb4_4&Prime;][et_pb_text admin_label=\u00a0\u00bbArticles similaires\u00a0\u00bb _builder_version=\u00a0\u00bb3.16.1&Prime;]<\/p>\n<h2><span class=\"st\">\u00c0<\/span> lire aussi<\/h2>\n<p>[\/et_pb_text][et_pb_blog _builder_version=\u00a0\u00bb3.21&Prime; posts_number=\u00a0\u00bb4&Prime; include_categories=\u00a0\u00bb38,45,14,12,11,15,1,13&Prime; show_author=\u00a0\u00bboff\u00a0\u00bb show_date=\u00a0\u00bboff\u00a0\u00bb show_pagination=\u00a0\u00bboff\u00a0\u00bb border_width_bottom_fullwidth=\u00a0\u00bb1px\u00a0\u00bb border_color_bottom_fullwidth=\u00a0\u00bbrgba(51,51,51,0.18)\u00a0\u00bb custom_padding=\u00a0\u00bb||50px|\u00a0\u00bb module_id=\u00a0\u00bbpage_type_blog\u00a0\u00bb header_level=\u00a0\u00bbh4&Prime; \/][\/et_pb_column][\/et_pb_row][\/et_pb_section]<\/p>\n","protected":false},"excerpt":{"rendered":"<div class=\"et_pb_row et_pb_row_0 et_pb_row_empty\"><\/div>\n<p> Porteur du projet : Jean Vignes <\/p>\n<div class=\"et_pb_row et_pb_row_1 et_pb_row_empty\"><\/div>\n<p> R\u00e9sum\u00e9 des activit\u00e9s et projetsNotre groupe \u00ab\u00a0L\u2019air du temps\u00a0\u00bb peut se d\u00e9finir \u00e0 ce stade comme un \u00ab\u00a0vivier\u00a0\u00bb qui rassemble largement une centaine de sp\u00e9cialistes et d\u2019\u00e9tudiants (en master, doctorat) de disciplines diff\u00e9rentes (notamment lettres et langues, histoire, musicologie, \u00e9tudes cin\u00e9matographiques, sociologie, s\u00e9miotique) int\u00e9ress\u00e9s par la chanson&hellip; <a class=\"continue\" href=\"https:\/\/wordpress-test.app.u-pariscite.fr\/cerilac\/programmes-et-projets-finances\/lair-du-temps-la-chanson-et-lhistoire-entre-poetique-et-politique\/\">Lire la suite<span> L\u2019air du temps. La chanson et l\u2019histoire, entre po\u00e9tique et politique<\/span><\/a><\/p>\n","protected":false},"author":73,"featured_media":0,"parent":404,"menu_order":0,"comment_status":"closed","ping_status":"closed","template":"","meta":{"_et_pb_use_builder":"on","_et_pb_old_content":"","_et_gb_content_width":"","footnotes":""},"class_list":["post-1500","page","type-page","status-publish","hentry"],"_links":{"self":[{"href":"https:\/\/wordpress-test.app.u-pariscite.fr\/cerilac\/wp-json\/wp\/v2\/pages\/1500","targetHints":{"allow":["GET"]}}],"collection":[{"href":"https:\/\/wordpress-test.app.u-pariscite.fr\/cerilac\/wp-json\/wp\/v2\/pages"}],"about":[{"href":"https:\/\/wordpress-test.app.u-pariscite.fr\/cerilac\/wp-json\/wp\/v2\/types\/page"}],"author":[{"embeddable":true,"href":"https:\/\/wordpress-test.app.u-pariscite.fr\/cerilac\/wp-json\/wp\/v2\/users\/73"}],"replies":[{"embeddable":true,"href":"https:\/\/wordpress-test.app.u-pariscite.fr\/cerilac\/wp-json\/wp\/v2\/comments?post=1500"}],"version-history":[{"count":2,"href":"https:\/\/wordpress-test.app.u-pariscite.fr\/cerilac\/wp-json\/wp\/v2\/pages\/1500\/revisions"}],"predecessor-version":[{"id":1512,"href":"https:\/\/wordpress-test.app.u-pariscite.fr\/cerilac\/wp-json\/wp\/v2\/pages\/1500\/revisions\/1512"}],"up":[{"embeddable":true,"href":"https:\/\/wordpress-test.app.u-pariscite.fr\/cerilac\/wp-json\/wp\/v2\/pages\/404"}],"wp:attachment":[{"href":"https:\/\/wordpress-test.app.u-pariscite.fr\/cerilac\/wp-json\/wp\/v2\/media?parent=1500"}],"curies":[{"name":"wp","href":"https:\/\/api.w.org\/{rel}","templated":true}]}}