{"id":1343,"date":"2020-11-19T17:32:02","date_gmt":"2020-11-19T16:32:02","guid":{"rendered":"https:\/\/wordpress-test.app.u-pariscite.fr\/cerilac\/?page_id=1343"},"modified":"2021-10-18T15:21:30","modified_gmt":"2021-10-18T13:21:30","slug":"recherche-creation","status":"publish","type":"page","link":"https:\/\/wordpress-test.app.u-pariscite.fr\/cerilac\/monologuer\/recherche-creation\/","title":{"rendered":"Recherche-cr\u00e9ation"},"content":{"rendered":"<p>[et_pb_section bb_built=\u00a0\u00bb1&Prime; _builder_version=\u00a0\u00bb3.22&Prime;][et_pb_row _builder_version=\u00a0\u00bb3.22&Prime; background_size=\u00a0\u00bbinitial\u00a0\u00bb background_position=\u00a0\u00bbtop_left\u00a0\u00bb background_repeat=\u00a0\u00bbrepeat\u00a0\u00bb][et_pb_column type=\u00a0\u00bb4_4&Prime;][et_pb_post_title admin_label=\u00a0\u00bbTitre de la page\u00a0\u00bb meta=\u00a0\u00bboff\u00a0\u00bb featured_image=\u00a0\u00bboff\u00a0\u00bb _builder_version=\u00a0\u00bb3.19.11&Prime; \/][\/et_pb_column][\/et_pb_row][et_pb_row _builder_version=\u00a0\u00bb3.22&Prime; background_size=\u00a0\u00bbinitial\u00a0\u00bb background_position=\u00a0\u00bbtop_left\u00a0\u00bb background_repeat=\u00a0\u00bbrepeat\u00a0\u00bb][et_pb_column type=\u00a0\u00bb3_4&Prime;][et_pb_image _builder_version=\u00a0\u00bb3.22.1&Prime; src=\u00a0\u00bbhttps:\/\/wordpress-test.app.u-pariscite.fr\/cerilac\/wp-content\/uploads\/sites\/7\/2021\/10\/Novarina.png\u00a0\u00bb z_index_tablet=\u00a0\u00bb500&Prime; \/][et_pb_text module_id=\u00a0\u00bbcontenu\u00a0\u00bb _builder_version=\u00a0\u00bb3.22.1&Prime; z_index_tablet=\u00a0\u00bb500&Prime; text_text_shadow_horizontal_length=\u00a0\u00bbtext_text_shadow_style,%91object Object%93&Prime; text_text_shadow_vertical_length=\u00a0\u00bbtext_text_shadow_style,%91object Object%93&Prime; text_text_shadow_blur_strength=\u00a0\u00bbtext_text_shadow_style,%91object Object%93&Prime; link_text_shadow_horizontal_length=\u00a0\u00bblink_text_shadow_style,%91object Object%93&Prime; link_text_shadow_vertical_length=\u00a0\u00bblink_text_shadow_style,%91object Object%93&Prime; link_text_shadow_blur_strength=\u00a0\u00bblink_text_shadow_style,%91object Object%93&Prime; ul_text_shadow_horizontal_length=\u00a0\u00bbul_text_shadow_style,%91object Object%93&Prime; ul_text_shadow_vertical_length=\u00a0\u00bbul_text_shadow_style,%91object Object%93&Prime; ul_text_shadow_blur_strength=\u00a0\u00bbul_text_shadow_style,%91object Object%93&Prime; ol_text_shadow_horizontal_length=\u00a0\u00bbol_text_shadow_style,%91object Object%93&Prime; ol_text_shadow_vertical_length=\u00a0\u00bbol_text_shadow_style,%91object Object%93&Prime; ol_text_shadow_blur_strength=\u00a0\u00bbol_text_shadow_style,%91object Object%93&Prime; quote_text_shadow_horizontal_length=\u00a0\u00bbquote_text_shadow_style,%91object Object%93&Prime; quote_text_shadow_vertical_length=\u00a0\u00bbquote_text_shadow_style,%91object Object%93&Prime; quote_text_shadow_blur_strength=\u00a0\u00bbquote_text_shadow_style,%91object Object%93&Prime; header_text_shadow_horizontal_length=\u00a0\u00bbheader_text_shadow_style,%91object Object%93&Prime; header_text_shadow_vertical_length=\u00a0\u00bbheader_text_shadow_style,%91object Object%93&Prime; header_text_shadow_blur_strength=\u00a0\u00bbheader_text_shadow_style,%91object Object%93&Prime; header_2_text_shadow_horizontal_length=\u00a0\u00bbheader_2_text_shadow_style,%91object Object%93&Prime; header_2_text_shadow_vertical_length=\u00a0\u00bbheader_2_text_shadow_style,%91object Object%93&Prime; header_2_text_shadow_blur_strength=\u00a0\u00bbheader_2_text_shadow_style,%91object Object%93&Prime; header_3_text_shadow_horizontal_length=\u00a0\u00bbheader_3_text_shadow_style,%91object Object%93&Prime; header_3_text_shadow_vertical_length=\u00a0\u00bbheader_3_text_shadow_style,%91object Object%93&Prime; header_3_text_shadow_blur_strength=\u00a0\u00bbheader_3_text_shadow_style,%91object Object%93&Prime; header_4_text_shadow_horizontal_length=\u00a0\u00bbheader_4_text_shadow_style,%91object Object%93&Prime; header_4_text_shadow_vertical_length=\u00a0\u00bbheader_4_text_shadow_style,%91object Object%93&Prime; header_4_text_shadow_blur_strength=\u00a0\u00bbheader_4_text_shadow_style,%91object Object%93&Prime; header_5_text_shadow_horizontal_length=\u00a0\u00bbheader_5_text_shadow_style,%91object Object%93&Prime; header_5_text_shadow_vertical_length=\u00a0\u00bbheader_5_text_shadow_style,%91object Object%93&Prime; header_5_text_shadow_blur_strength=\u00a0\u00bbheader_5_text_shadow_style,%91object Object%93&Prime; header_6_text_shadow_horizontal_length=\u00a0\u00bbheader_6_text_shadow_style,%91object Object%93&Prime; header_6_text_shadow_vertical_length=\u00a0\u00bbheader_6_text_shadow_style,%91object Object%93&Prime; header_6_text_shadow_blur_strength=\u00a0\u00bbheader_6_text_shadow_style,%91object Object%93&Prime;]<\/p>\n<p class=\"Corps\"><span class=\"Aucun\"><i>Monologuer<\/i><\/span><span class=\"Aucun\"> constitue un incubateur de projets innovants. La recherche-cr\u00e9ation y occupe un r\u00f4le fondamental, port\u00e9 par la compagnie des Endonautes (th\u00e9\u00e2tre et danse endophasiques). La recherche-cr\u00e9ation est destin\u00e9e \u00e0 aboutir \u00e0 des performances, des expositions, des publications. Elle a \u00e9galement pour objectif d\u2019ouvrir, avec les familles et un plus large public, un espace pour des \u00e9changes qu\u2019une publication scientifique, une conf\u00e9rence, un atelier d\u2019\u00e9ducation th\u00e9rapeutique ne pourraient pas susciter.<\/span><\/p>\n<p class=\"Corps\"><span class=\"Aucun\"><b>La Compagnie des Endonautes<\/b><\/span><b><\/b><\/p>\n<p class=\"Pardfaut\">L<span dir=\"RTL\" lang=\"AR-SA\">\u2019<\/span><span lang=\"NL\">art na<\/span>\u00eet-il toujours de la vie int\u00e9rieure ? Des r\u00e9sonances du monde en soi, des profondeurs du moi. N<span dir=\"RTL\" lang=\"AR-SA\">\u2019<\/span>est-ce pas l\u00e0 le fondement m\u00eame de la notion de style d<span dir=\"RTL\" lang=\"AR-SA\">\u2019<\/span>auteur, traces d<span dir=\"RTL\" lang=\"AR-SA\">\u2019<\/span>une subjectivit\u00e9 qui se cristallise dans une parole int\u00e9rieure ? Mais une repr\u00e9sentation artistique reste avant tout un artefact, dont la justesse peut r\u00e9v\u00e9ler une v\u00e9rit\u00e9 du monde.<\/p>\n<p class=\"Pardfaut\">La compagnie des Endonautes, ou navigateurs-explorateurs de vies int\u00e9rieures, domicili\u00e9e \u00e0 l\u2019UFR LAC, se fonde sur une exploration sp\u00e9cifique du langage int\u00e9rieur. Les chercheurs-artistes et artistes-chercheurs participent \u00e0 <span lang=\"IT\">un protocole <\/span><span class=\"Aucun\"><i>Monologuer<\/i><\/span>, dont les vis\u00e9es peuvent \u00eatre artistiques ou th\u00e9rapeutiques. \u00c0 proximit\u00e9 de l\u2019\u00e9criture automatique des surr\u00e9alistes ou de l<span dir=\"RTL\" lang=\"AR-SA\">\u2019<\/span>art brut, nous faisons le pari que de la pierre non taill\u00e9e du langage int\u00e9rieur peuvent jaillir des diamants dont nous t\u00e2chons de saisir l\u2019\u00e9clat \u00e9ph\u00e9m<span lang=\"IT\">\u00e8re.<\/span><\/p>\n<p class=\"Pardfaut\">Ce n<span dir=\"RTL\" lang=\"AR-SA\">\u2019<\/span>est ni du th\u00e9\u00e2tre psychologique, ni du th\u00e9\u00e2<span lang=\"IT\">tre narratif. C<\/span><span dir=\"RTL\" lang=\"AR-SA\">\u2019<\/span>est du th\u00e9\u00e2tre endophasique. Pas de normes, de r<span lang=\"IT\">\u00e8<\/span>gles ou de codifications si ce n<span dir=\"RTL\" lang=\"AR-SA\">\u2019<\/span>est la justesse de l<span dir=\"RTL\" lang=\"AR-SA\">\u2019<\/span><span lang=\"EN-US\">ancrage int<\/span>\u00e9rieur. Aucune pr\u00e9occupation du beau et c<span dir=\"RTL\" lang=\"AR-SA\">\u2019<\/span>est pr\u00e9cis\u00e9ment de l\u00e0 que peut na\u00eetre la beaut\u00e9. Jeu du hasard ? Une travers\u00e9e au plus profond de soi, d<span dir=\"RTL\" lang=\"AR-SA\">\u2019<\/span>o<span lang=\"IT\">\u00f9 <\/span>surgit une rencontre avec l<span dir=\"RTL\" lang=\"AR-SA\">\u2019<\/span>autre : les autres, et l<span dir=\"RTL\" lang=\"AR-SA\">\u2019<\/span>autre que je suis. Une rencontre humaine.<\/p>\n<p class=\"Corps\"><b><u>Projets collectifs<\/u><\/b><b><u><\/u><\/b><\/p>\n<p class=\"Corps\">Les projets collectifs sont l\u2019\u0153uvre de la compagnie des Endonautes, domicili\u00e9e \u00e0 l\u2019UFR LAC (Universit\u00e9 Paris Cit\u00e9), depuis l\u2019automne 2021. Pascale Nandillon et Philippe Vallepin collaborent \u00e0 la mosa\u00efque, <span class=\"Aucun\"><i>Traces,<\/i><\/span> et \u00e0 la fiction radiophonique, <span class=\"Aucun\"><i>Paroles invisibles<\/i><\/span>.<\/p>\n<p class=\"Corps\"><b>1) Traces, une mosa\u00efque endophasique, ancr\u00e9e dans le protocole \u00ab\u00a0handicap et douleur\u00a0\u00bb men\u00e9 avec le centre MAREP (H\u00f4pital Necker)<\/b><b><\/b><\/p>\n<p class=\"Corps\"><b>Intervenant artistique : Philippe Vallepin<\/b><b><\/b><\/p>\n<p class=\"Corps\">La performance consiste en une mosa\u00efque de vie int\u00e9rieure de membres de l\u2019\u00e9quipe <span class=\"Aucun\"><i>Monologuer<\/i><\/span> confront\u00e9s \u00e0 la souffrance et au quotidien des enfants et de leur entourage. L\u2019objectif ne sera pas de raconter cette souffrance \u00e0 la place des principaux int\u00e9ress\u00e9s, mais d\u2019\u00e9voquer sous forme d\u2019une s\u00e9rie de tableaux la r\u00e9sonance dans l\u2019int\u00e9riorit\u00e9 de chercheurs ou artistes. Les tableaux seront des solos ou des s\u00e9quences collectives, \u00e0 la crois\u00e9e des arts (th\u00e9\u00e2tre, danse, chant, <span class=\"Aucun\"><i>etc<\/i><\/span>.).<\/p>\n<p class=\"Corps\"><b>2) Projets radiophoniques, inspir\u00e9s du<\/b><b><span lang=\"IT\"> protocole <\/span><\/b><b>\u00ab\u00a0handicap et douleur<\/b><b><span lang=\"IT\">\u00a0\u00bb <\/span><\/b><b>men\u00e9 avec le centre MAREP (H\u00f4<\/b><b><span lang=\"DE\">pital Necker)<\/span><\/b><b><\/b><\/p>\n<p class=\"Corps\"><b>Direction scientifique pour la fiction radiophonique : Giulia Disnan, psychologue clinicienne au centre Marep<\/b><b><\/b><\/p>\n<p class=\"Corps\"><b>Direction artistique pour la fiction radiophonique : Pascale Nandillon, fondatrice de l\u2019atelier Hors champ<\/b><b><\/b><\/p>\n<p class=\"Corps\">Trois projets sont pr\u00e9vus : une fiction \u00e9voquant la vie int\u00e9rieure d\u2019une adolescente souffrant de s\u00e9quelles de MAREP, <span class=\"Aucun\"><i>Paroles invisibles ; <\/i><\/span>un podcast de paroles brutes, documentaires \u00e0 partir du protocole lui-m\u00eame et des paroles des enfants ; une mise en voix de textes litt\u00e9raires portant sur les selles (Rabelais, Beckett, <span class=\"Aucun\"><i>etc<\/i><\/span>.).<\/p>\n<p class=\"Corps\">La fiction a \u00e9t\u00e9 \u00e9crite par Lola Bouchard, Claire Castel et Maria Wojewoda, avec l\u2019appui de Giulia Disnan, sous la direction scientifique du docteur C\u00e9lia Cr\u00e9tolle, de la psychologue Giulia Disnan, et du docteur Jeanine Rochefort.<\/p>\n<p class=\"Corps\"><b>3) Documentaire r\u00e9alis\u00e9 par Alexandra Villa-Garcia, sur la linguistique clinique et les protocoles men\u00e9s \u00e0 l\u2019H\u00f4<\/b><b><span lang=\"DE\">pital Necker<\/span><\/b><b>, l\u2019H\u00f4pital Saint-Louis et au centre humanitaire d\u2019Ivry.<\/b><b><\/b><\/p>\n<p class=\"Corps\">Ce documentaire a pour ambition d\u2019emmener le t\u00e9l\u00e9spectateur dans un voyage int\u00e9rieur. Le d\u00e9fi est de taille puisque nous ne souhaitons pas sc\u00e9nariser le tournage, mais au contraire partir de la vie int\u00e9rieure des chercheurs et des participants et des protocoles men\u00e9s dans les diff\u00e9rents cadres cliniques.<\/p>\n<p class=\"Pardfaut\"><b><u>Projets individuels<\/u><\/b><b><u><\/u><\/b><\/p>\n<p class=\"Pardfaut\"><b>1) La danse (S\u00e9verine Le Gros et Sophie Lespinasse)<\/b><b><\/b><\/p>\n<p class=\"Corps\">Selon Marta Graham, la danse rel<span class=\"Aucun\">\u00e8<\/span>ve d<span class=\"Aucun\">\u2019<\/span>une magie qui nous renvoie au plus profond de nous-m<span class=\"Aucun\">\u00ea<\/span>mes<span class=\"Aucun\">\u00a0<\/span>:<\/p>\n<p class=\"Corps\"><span class=\"Aucun\"><span lang=\"EN-US\">The reason dance has held such an ageless magic for the world is that it has been the symbol of the performance of living. Many times I hear the phrase<\/span><\/span><span class=\"Aucun\">\u2026 <\/span><span class=\"Aucun\"><span lang=\"EN-US\">the dance of life<\/span><\/span><span class=\"Aucun\">\u2026 <\/span><span class=\"Aucun\"><span lang=\"EN-US\">it is close to me for a very simple and understandable reason<\/span><\/span><span class=\"Aucun\">\u2026 <\/span><span class=\"Aucun\"><span lang=\"EN-US\">the instrument through which the dance speaks is also the instrument by which all primaries of experience are made manifest. It holds in its memory all matters of life and dear and love.<\/span><\/span><\/p>\n<p class=\"Corps\">Pionni<span class=\"Aucun\">\u00e8<\/span>re de ce qui deviendrait la danse contemporaine, Marta Graham relie la danse et les profondeurs de l<span class=\"Aucun\">\u2019<\/span><span lang=\"EN-US\">exp<\/span><span class=\"Aucun\">\u00e9<\/span>rience humaine, <span class=\"Aucun\">\u00e0 <\/span>travers son usage de l<span class=\"Aucun\">\u2019<\/span>expression <span class=\"Aucun\">\u00ab\u00a0<\/span>magie sans <span class=\"Aucun\">\u00e2<\/span>ge<span class=\"Aucun\">\u00a0\u00bb <\/span>(ageless magic). Transcendant le temps et pourtant ancr<span class=\"Aucun\">\u00e9<\/span>e dans l<span class=\"Aucun\">\u2019<\/span>instant pr<span class=\"Aucun\">\u00e9<\/span>sent, la danse est symbolique d<span class=\"Aucun\">\u2019<\/span>un lien particulier entre corps et vie int<span class=\"Aucun\">\u00e9<\/span>rieure. Selon Joseph Danan, la notion de performance implique l<span class=\"Aucun\">\u2019<\/span>artiste lui-m<span class=\"Aucun\">\u00ea<\/span>me et la r<span class=\"Aucun\">\u00e9<\/span>union de l<span class=\"Aucun\">\u2019<\/span>art et de la vie<span class=\"Aucun\">\u00a0<\/span>:<span class=\"Aucun\"> \u00ab\u00a0<\/span>la mise en jeu de l<span class=\"Aucun\">\u2019<\/span>artiste lui-m<span class=\"Aucun\">\u00ea<\/span>me ; la non-s<span class=\"Aucun\">\u00e9<\/span>paration entre l<span class=\"Aucun\">\u2019<\/span>art et la vie (ou l<span class=\"Aucun\">\u2019\u00e9<\/span>branlement de cette fronti<span class=\"Aucun\">\u00e8<\/span>re) ; l<span class=\"Aucun\">\u2019<\/span>importance primordiale du corps ; l<span class=\"Aucun\">\u2019<\/span><span lang=\"IT\">unicit<\/span><span class=\"Aucun\">\u00e9<\/span><span lang=\"ES-TRAD\"> de l<\/span><span class=\"Aucun\">\u2019\u00e9<\/span>v<span class=\"Aucun\">\u00e8<\/span>nement, le r<span class=\"Aucun\">\u00f4<\/span>le de l<span class=\"Aucun\">\u2019<\/span><span lang=\"IT\">impr<\/span><span class=\"Aucun\">\u00e9<\/span>vu, de l<span class=\"Aucun\">\u2019<\/span><span lang=\"IT\">incontr<\/span><span class=\"Aucun\">\u00f4<\/span>lable, voire de l<span class=\"Aucun\">\u2019<\/span><span lang=\"IT\">improvis<\/span><span class=\"Aucun\">\u00e9<\/span> ; en tout cas, le caract<span class=\"Aucun\">\u00e8<\/span>re <span class=\"Aucun\">\u00e9<\/span>ph<span class=\"Aucun\">\u00e9<\/span>m<span class=\"Aucun\">\u00e8<\/span>re de la chose ; le partage d<span class=\"Aucun\">\u2019<\/span>une exp<span class=\"Aucun\">\u00e9<\/span>rience ; la protestation, la contestation (de l<span class=\"Aucun\">\u2019<\/span><span lang=\"ES-TRAD\">acad<\/span><span class=\"Aucun\">\u00e9<\/span>misme\/du pouvoir politique) ; la transgression, la provocation, la subversion ; la revendication f<span class=\"Aucun\">\u00e9<\/span>ministe, la question pos<span class=\"Aucun\">\u00e9<\/span>e au <span class=\"Aucun\">\u201c<\/span>genre<span class=\"Aucun\">\u201d<\/span> et <span class=\"Aucun\">\u00e0<\/span> l<span class=\"Aucun\">\u2019<\/span><span lang=\"IT\">identit<\/span><span class=\"Aucun\">\u00e9<\/span> sexuelle ; la marginalit<span class=\"Aucun\">\u00e9<\/span>, toujours en tension avec une r<span class=\"Aucun\">\u00e9<\/span><span lang=\"IT\">cup<\/span><span class=\"Aucun\">\u00e9<\/span>ration effective ou possible<a title=\"\" href=\"#_ftn1\" name=\"_ftnref1\"><span class=\"Aucun\"><sup>[1]<\/sup><\/span><\/a>.<span class=\"Aucun\">\u00a0\u00bb <\/span>La danse contemporaine s<span class=\"Aucun\">\u2019<\/span>est construite <span class=\"Aucun\">\u00e0 <\/span><span lang=\"PT\">partir d<\/span><span class=\"Aucun\">\u2019<\/span>un ancrage dans les gestes et la vie au quotidien. \u00c0 partir d\u2019un travail sur l\u2019invisible de la parole qu\u2019est le langage int\u00e9rieur, les deux danseuses de l\u2019\u00e9quipe <span class=\"Aucun\"><i>Monologuer <\/i><\/span>approfondissent chacune \u00e0 leur fa\u00e7on la question du statut de l<span class=\"Aucun\">\u2019<\/span>artiste comme passeur entre les mondes visibles et invisibles. Elles proposent ainsi d<span class=\"Aucun\">\u2019<\/span>explorer des invisibles rendus visible \u00e0 travers un corps dansant.<\/p>\n<p class=\"Pardfaut\"><b>2) L\u2019\u00e9criture<\/b><b><\/b><\/p>\n<p class=\"Pardfaut\">L<span dir=\"RTL\" lang=\"AR-SA\">\u2019<\/span>effacement du sujet dans les sciences humaines \u00e9mergentes au si<span lang=\"IT\">\u00e8<\/span>cle a co<span lang=\"NL\">\u00ef<\/span><span lang=\"ES-TRAD\">ncid<\/span>\u00e9 avec une place grandissante accord\u00e9e \u00e0 la repr\u00e9sentation de l<span dir=\"RTL\" lang=\"AR-SA\">\u2019<\/span>int\u00e9<span lang=\"IT\">riorit<\/span>\u00e9 en litt\u00e9rature. Le sujet s<span dir=\"RTL\" lang=\"AR-SA\">\u2019<\/span>est en quelque sorte r\u00e9<span lang=\"IT\">fugi<\/span>\u00e9 dans la litt\u00e9rature et celle-ci peut nous en restituer les \u00e9chos. Elle a jou\u00e9 un r\u00f4le d<span dir=\"RTL\" lang=\"AR-SA\">\u2019<\/span>avant-garde, dans tous les sens du terme, et peut non pas apporter des r\u00e9<span lang=\"EN-US\">ponses <\/span>\u00e0 nos questions (ce n<span dir=\"RTL\" lang=\"AR-SA\">\u2019<\/span>est, du reste, pas non plus l<span dir=\"RTL\" lang=\"AR-SA\">\u2019<\/span>objet de ce projet ; un tel objectif semble illusoire), mais nous permettre de mieux les poser, \u00eatre un lieu de cheminement et de d\u00e9couverte de soi, un r\u00e9v\u00e9lateur de conscience. L<span lang=\"EN-US\">a litt<\/span>\u00e9rature et le th\u00e9\u00e2tre peuvent ainsi jouer le r\u00f4le de \u00ab miroirs de concentration <span lang=\"IT\">\u00bb<\/span><a title=\"\" href=\"#_ftn2\" name=\"_ftnref2\"><span class=\"Aucun\"><sup>[2]<\/sup><\/span><\/a>. Nous proposons d\u2019explorer ce r\u00f4le non seulement sous un angle scientifique et analytique mais aussi \u00e0 travers diff\u00e9rentes pratiques cr\u00e9atrices, int\u00e9gr\u00e9s \u00e0 nos protocoles th\u00e9rapeutiques et\/ou \u00e0 nos projets \u00e9ditoriaux.<\/p>\n<div><\/p>\n<hr align=\"left\" size=\"1\" width=\"33%\" \/>\n<div id=\"ftn1\">\n<p class=\"Pardfaut\"><a title=\"\" href=\"#_ftnref1\" name=\"_ftn1\"><span class=\"Aucun\"><sup>[1]<\/sup><\/span><\/a><span class=\"Aucun\"> Danan Joseph, <\/span><span class=\"Aucun\"><i><span lang=\"EN-US\">Entre th<\/span><\/i><\/span><span class=\"Aucun\"><i>\u00e9\u00e2tre et performance : la question du texte,<\/i><\/span><span class=\"Aucun\"> Arles, Actes Sud\u00a0 Papiers, 2013, p. 22.<\/span><\/p>\n<\/div>\n<div id=\"ftn2\">\n<p class=\"Pardfaut\"><a title=\"\" href=\"#_ftnref2\" name=\"_ftn2\"><span class=\"Aucun\"><sup>[2]<\/sup><\/span><\/a> L<span dir=\"RTL\" lang=\"AR-SA\">\u2019<\/span>expression d\u00e9finit le drame, sous la plume de Victor Hugo.<\/p>\n<\/div>\n<\/div>\n<p>[\/et_pb_text][\/et_pb_column][et_pb_column type=\u00a0\u00bb1_4&Prime;][\/et_pb_column][\/et_pb_row][et_pb_row _builder_version=\u00a0\u00bb3.22&Prime; background_size=\u00a0\u00bbinitial\u00a0\u00bb background_position=\u00a0\u00bbtop_left\u00a0\u00bb background_repeat=\u00a0\u00bbrepeat\u00a0\u00bb][et_pb_column type=\u00a0\u00bb1_2&Prime;][\/et_pb_column][et_pb_column type=\u00a0\u00bb1_2&Prime;][\/et_pb_column][\/et_pb_row][\/et_pb_section]<\/p>\n","protected":false},"excerpt":{"rendered":"<p>Monologuer constitue un incubateur de projets innovants. La recherche-cr\u00e9ation y occupe un r\u00f4le fondamental, port\u00e9 par la compagnie des Endonautes (th\u00e9\u00e2tre et danse endophasiques). La recherche-cr\u00e9ation est destin\u00e9e \u00e0 aboutir \u00e0 des performances, des expositions, des publications. Elle a \u00e9galement pour objectif d\u2019ouvrir, avec les familles et un plus large public, un espace pour des&hellip; <a class=\"continue\" href=\"https:\/\/wordpress-test.app.u-pariscite.fr\/cerilac\/monologuer\/recherche-creation\/\">Lire la suite<span> Recherche-cr\u00e9ation<\/span><\/a><\/p>\n","protected":false},"author":73,"featured_media":0,"parent":1324,"menu_order":0,"comment_status":"closed","ping_status":"closed","template":"","meta":{"_et_pb_use_builder":"on","_et_pb_old_content":"","_et_gb_content_width":"","footnotes":""},"class_list":["post-1343","page","type-page","status-publish","hentry"],"_links":{"self":[{"href":"https:\/\/wordpress-test.app.u-pariscite.fr\/cerilac\/wp-json\/wp\/v2\/pages\/1343","targetHints":{"allow":["GET"]}}],"collection":[{"href":"https:\/\/wordpress-test.app.u-pariscite.fr\/cerilac\/wp-json\/wp\/v2\/pages"}],"about":[{"href":"https:\/\/wordpress-test.app.u-pariscite.fr\/cerilac\/wp-json\/wp\/v2\/types\/page"}],"author":[{"embeddable":true,"href":"https:\/\/wordpress-test.app.u-pariscite.fr\/cerilac\/wp-json\/wp\/v2\/users\/73"}],"replies":[{"embeddable":true,"href":"https:\/\/wordpress-test.app.u-pariscite.fr\/cerilac\/wp-json\/wp\/v2\/comments?post=1343"}],"version-history":[{"count":3,"href":"https:\/\/wordpress-test.app.u-pariscite.fr\/cerilac\/wp-json\/wp\/v2\/pages\/1343\/revisions"}],"predecessor-version":[{"id":2423,"href":"https:\/\/wordpress-test.app.u-pariscite.fr\/cerilac\/wp-json\/wp\/v2\/pages\/1343\/revisions\/2423"}],"up":[{"embeddable":true,"href":"https:\/\/wordpress-test.app.u-pariscite.fr\/cerilac\/wp-json\/wp\/v2\/pages\/1324"}],"wp:attachment":[{"href":"https:\/\/wordpress-test.app.u-pariscite.fr\/cerilac\/wp-json\/wp\/v2\/media?parent=1343"}],"curies":[{"name":"wp","href":"https:\/\/api.w.org\/{rel}","templated":true}]}}